{"id":138,"date":"2024-05-05T22:29:43","date_gmt":"2024-05-05T20:29:43","guid":{"rendered":"https:\/\/mediastres.com.hr\/ms\/?page_id=138"},"modified":"2025-07-31T19:37:14","modified_gmt":"2025-07-31T17:37:14","slug":"past-shows","status":"publish","type":"page","link":"https:\/\/mediastres.com.hr\/ms\/tour\/past-shows\/","title":{"rendered":"PAST SHOWS"},"content":{"rendered":"\n<p><br>2025.<br><br>24.2.2025. &#8211; <strong>mo\u010dvara<\/strong>, Zagreb<br><br>2023.<br><br>01.09.2023. &#8211; <strong>3FF festival<\/strong>, \u010cakovec <em>(CROATIA)<\/em><br><br>2018.<br><br>24.02.2018. &#8211; <strong>\u010cEHAJ FEST<\/strong>, NEDELI\u0160\u0106E <em>(CROATIA)<\/em><br><br>2017.<br><br>02.09.2017. &#8211; <strong>3FF festival<\/strong>, \u010cAKOVEC <em>(CROATIA)<\/em><br>01.09.2017. &#8211; <strong>Letni Kino Arrigoni<\/strong>, IZOLA <em>(SLOVENIA)<\/em><br>05.08.2017. &#8211; <strong>Rastok Fest<\/strong>, JELAH <em>(BOSNIA &amp; HERZEGOVINA)<\/em><br>21.07.2017. &#8211; <strong>Miners<\/strong>, Mursko Sredi\u0161\u0107e <em>(CROATIA)<\/em><br>01.07.2017. &#8211; <strong>RockLive Warmup<\/strong>, KOPRIVNICA <em>(CROATIA)<\/em><br>20.06.2017. &#8211; <strong>INmusic festival<\/strong>, ZAGREB <em>(CROATIA)<\/em><br>09.06.2017. &#8211; <strong>Krapinjon 2017<\/strong>, KRAPINA <em>(CROATIA)<\/em><br>02.06.2017. &#8211; <strong>Kavana Ov\u010dice<\/strong>, SPLIT <em>(CROATIA)<\/em><br>19.05.2017. &#8211; <strong>Klub<\/strong>, RIJEKA <em>(CROATIA)<\/em><br>12.05.2017. &#8211; <strong>Metalac<\/strong>, \u010cAKOVEC <em>(CROATIA)<\/em><br>02.05.2017. &#8211; <strong>Vintage Industrial Bar<\/strong>, ZAGREB <em>(CROATIA)<\/em><br>24.03.2017. &#8211; <strong>Exit<\/strong>, OSIJEK <em>(CROATIA)<\/em><br>18.02.2017. &#8211; <strong>Rogoz<\/strong>, VARA\u017dDIN <em>(CROATIA)<\/em><br>11.02.2017. &#8211; <strong>Red Lion Pub<\/strong>, KA\u0160TEL <em>(CROATIA)<\/em><br><br>2016.<br><br>10.12.2016. &#8211; <strong>Sloboda<\/strong>, VARA\u017dDIN <em>(CROATIA)<\/em><br>22.10.2016. &#8211; <strong>O&#8217;Rock festival<\/strong>, OROSLAVLJE <em>(CROATIA)<\/em><br>07.10.2016. &#8211; <strong>Klub Baza<\/strong>, AJDOV\u0160\u010cINA <em>(SLOVENIA)<\/em><br>06.10.2016. &#8211;<strong> Channel Zero<\/strong>, LJUBLJANA <em>(SLOVENIA)<\/em><br>16.09.2016. &#8211; <strong>Rockeriada<\/strong>, MARIBOR <em>(SLOVENIA)<\/em><br>24.08.2016. &#8211; <strong>Pickup Music Festival<\/strong>, KARLOVAC <em>(CROATIA)<\/em><br>13.08.2016. &#8211; <strong>Ka\u0161telanske rock ve\u010deri<\/strong>, KA\u0160TEl LUK\u0160I\u0106 <em>(CROATIA)<\/em><br>05.08.2016. &#8211; <strong>Jailhouse Festival<\/strong>, LEPOGLAVA <em>(CROATIA)<\/em><br>01.08.2016. &#8211; <strong>Pozoj<\/strong>, \u010cAKOVEC <em>(CROATIA)<\/em><br>21.07.2016. &#8211; <strong>Demofest<\/strong>, BANJA LUKA <em>(BOSNIA &amp; HERZEGOVINA)<\/em><br>27.05.2016. &#8211; <strong>Pivana<\/strong>, ZAGREB <em>(CROATIA)<\/em><br>21.05.2016. &#8211; <strong>Zapru\u0111e u\u017eivo<\/strong>, ZAGREB <em>(CROATIA)<\/em><br>14.05.2016. &#8211; <strong>ZCUK Regenerator<\/strong>, ZABOK <em>(CROATIA)<\/em><br>11.05.2016. &#8211; <strong>O&#8217;Hara music club<\/strong>, SPLIT <em>(CROATIA)<\/em><br>03.05.2016. &#8211; <strong>Vintage Industrial Bar<\/strong>, ZAGREB <em>(CROATIA)<\/em><br>30.04.2016. &#8211; <strong>Circus (Monty Python)<\/strong>, SPLIT <em>(CROATIA)<\/em><br>23.03.2016. &#8211; <strong>Judino Drvo<\/strong>, SPLIT <em>(CROATIA)<\/em><br>19.03.2016. &#8211; <strong>MC Miners<\/strong>, SVETA MARIJA <em>(CROATIA)<\/em><br>18.03.2016. &#8211; <strong>Baza 2<\/strong>, IVANEC <em>(CROATIA)<\/em><br>12.03.2016. &#8211; <strong>22000 milja<\/strong>, ZAGREB <em>(CROATIA)<\/em><br>05.03.2016. &#8211; <strong>Elephant bar<\/strong>, ZAGREB <em>(CROATIA)<\/em><br>26.02.2016. &#8211; <strong>SPUNK<\/strong>, ZAGREB <em>(CROATIA)<\/em><br>29.01.2016. &#8211; <strong>FOX bar<\/strong>, \u010cAKOVEC <em>(CROATIA)<\/em><br><br>2015.<br><br>14.12.2015. &#8211; <strong>Bo\u017ei\u0107no &#8221;Warm up&#8221; rokanje<\/strong>, ORAHOVICA <em>(CROATIA)<\/em><br>14.11.2015. &#8211; <strong>O&#8217;rock fest<\/strong>, OROSLAVLJE <em>(CROATIA)<\/em><br>31.10.2015. &#8211; <strong>BAZA 13<\/strong>, KO\u010cEVJE <em>(SLOVENIA)<\/em><br>30.10.2015. &#8211; <strong>Rock Keller<\/strong>, GRAZ <em>(AUSTRIA)<\/em><br>28.10.2015. &#8211; <strong>secret gig<\/strong>, LEOBEN <em>(AUSTRIA)<\/em><br>27.10.2015. &#8211; <strong>Hard Place<\/strong>, ZAGREB <em>(CROATIA)<\/em><br>24.10.2015. &#8211; <strong>American bar<\/strong>, UMAG <em>(CROATIA)<\/em><br>22.10.2015. &#8211; <strong>klub \u017divot<\/strong>, RIJEKA <em>(CROATIA)<\/em><br>21.10.2015. &#8211; <strong>Baza<\/strong>, \u010cAKOVEC <em>(CROATIA)<\/em><br>07.10.2015. &#8211; <strong>Hard Place<\/strong>, ZAGREB <em>(CROATIA)<\/em><br>02.10.2015. &#8211; <strong>ZCUK Regenerator<\/strong>, ZABOK <em>(CROATIA)<\/em><br>08.08.2015. &#8211; <strong>Jailhouse festival<\/strong>, LEPOGLAVA <em>(CROATIA)<\/em><br>18.07.2015. &#8211; <strong>NUMI rock festival<\/strong>, IVANSKA <em>(CROATIA)<\/em><br>04.07.2015. &#8211; <strong>Maison des M\u00e9tallos<\/strong>, PARIS <em>(PARIS)<\/em><br>06.05.2015. &#8211; <strong>Kuplung<\/strong>, BUDAPEST <em>(HUNGARY)<\/em><br>01.05.2015. &#8211; <strong>Dru\u0161tveni dom &#8211; vojarna<\/strong>, \u010cAKOVEC <em>(CROATIA)<\/em><br>24.04.2015. &#8211; <strong>Podroom<\/strong>, \u010cAKOVEC <em>(CROATIA)<\/em><br>18.04.2015. &#8211; <strong>Elephant<\/strong>, VARA\u017dDIN <em>(CROATIA)<\/em><br>17.04.2015. &#8211; <strong>Podroom<\/strong>, \u010cAKOVEC <em>(CROATIA)<\/em><br>10.04.2015. &#8211; <strong>Rock club Baza Dvojka<\/strong>, IVANEC <em>(CROATIA)<\/em><br>11.02.2015. &#8211; <strong>Rock Club &#8220;Hard Place&#8221;<\/strong>, ZAGREB <em>(CROATIA)<\/em><br>29.01.2015. &#8211; <strong>Sax!<\/strong>, ZAGREB <em>(CROATIA)<\/em><br>16.01.2015. &#8211; <strong>Prostor<\/strong>. \u010cAKOVEC <em>(CROATIA)<\/em><br><br>2014.<br><br>10.12.2014. &#8211; <strong>Klub.<\/strong>, ZAGREB <em>(CROATIA)<\/em><br>06.12.2014. &#8211; <strong>Trg bana J. Jelacica<\/strong>, ZAGREB <em>(CROATIA)<\/em><br>15.11.2014. &#8211; <strong>Elephant<\/strong>, VARA\u017dDIN <em>(CROATIA)<\/em><br>25.10.2014. &#8211; <strong>Prostor<\/strong>, \u010cAKOVEC <em>(CROATIA)<\/em><br>02.08.2014. <strong>&#8211; Skull crew clubhouse<\/strong>. SVETA MARIJA <em>(CROATIA)<\/em><br>01.08.2014. &#8211; <strong>Ferragosto Jam<\/strong>, ORAHOVICA <em>(CROATIA)<\/em><br>25.07.2014. &#8211; <strong>Novi rock caffe<\/strong>, \u010cAKOVEC <em>(CROATIA)<\/em><br>12.07.2014. &#8211; <strong>\u010cUM fest<\/strong>, \u010cUKOVEC <em>(CROATIA)<\/em><br>03.07.2014. &#8211; <strong>Prostor<\/strong>, \u010cAKOVEC <em>(CROATIA)<\/em><br>08.06.2014. &#8211; <strong>Mikser Festival<\/strong>, BEOGRAD <em>(SERBIA)<\/em><br>08.05.2014. &#8211; <strong>KSET<\/strong>, ZAGREB <em>(CROATIA)<\/em><br>11.04.2014. &#8211; <strong>Fox bar<\/strong>, \u010cAKOVEC <em>(CROATIA)<\/em><br>03.04.2014. &#8211; <strong>Rock Club &#8220;Hard Place&#8221;<\/strong>, ZAGREB <em>(CROATIA)<\/em><br>29.03.2014. &#8211; <strong>Novi rock caffe<\/strong>, \u010cAKOVEC <em>(CROATIA)<\/em><br>22.03.2014. &#8211; <strong>Totem bar<\/strong>, ZAPRE\u0160I\u0106 <em>(CROATIA)<\/em><br>20.03.2014. &#8211; <strong>Rock club Baza Dvojka<\/strong>, IVANEC <em>(CROATIA)<\/em><br>12.03.2014. &#8211; <strong>Podroom Drink And Music Club<\/strong>, \u010cAKOVEC <em>(CROATIA)<\/em><br>24.02.2014. &#8211; <strong>Route 66<\/strong>, ZAGREB <em>(CROATIA)<\/em><br>03.02.2014. &#8211; <strong>Route 66<\/strong>, ZAGREB <em>(CROATIA)<\/em><br>24.01.2014. &#8211; <strong>Green Bay<\/strong>, VARA\u017dDIN <em>(CROATIA)<\/em><br>15.01.2014. &#8211; <strong>Klub.<\/strong>, ZAGREB <em>(CROATIA)<\/em><br><br>2013.<br><br>13.12.2013. &#8211; <strong>Novi rock caffe<\/strong>, \u010cAKOVEC <em>(CROATIA)<\/em><br>30.11.2013. &#8211; <strong>Vegos coffee &amp; music bar<\/strong>, VELIKA GORICA <em>(CROATIA)<\/em><br>23.11.2013. &#8211; <strong>Stari Hrast<\/strong>, \u010cAKOVEC <em>(CROATIA)<\/em><br>22.11.2013. &#8211; <strong>ZCUK Regenerator<\/strong>, ZABOK <em>(CROATIA)<\/em><br>21.11.2013. &#8211; <strong>Rock Club &#8220;Hard Place&#8221;<\/strong>, ZAGREB <em>(CROATIA)<\/em><br>20.11.2013. &#8211; <strong>Podroom<\/strong>, \u010cAKOVEC <em>(CROATIA)<\/em><br>16.11.2013. &#8211; <strong>Caffe bar Elephant<\/strong>, VARA\u017dDIN <em>(CROATIA)<\/em><br>09.11.2013. &#8211; <strong>Walkow<\/strong>, VINKOVCI <em>(CROATIA)<\/em><br>08.11.2013. &#8211; <strong>Caffe bar Park<\/strong>, \u017dUPANJA <em>(CROATIA)<\/em><br>11.10.2013. &#8211; <strong>Novi Rock Caffe<\/strong>, \u010cAKOVEC <em>(CROATIA)<\/em><br>05.10.2013. &#8211; <strong>Glazbeni Klub \u010crnomerec<\/strong>, ZAGREB <em>(CROATIA)<\/em><br>28.09.2013. &#8211; <strong>Forum<\/strong>, PRELOG <em>(CROATIA)<\/em><br>04.09.2013. &#8211; <strong>Hard Place<\/strong>, ZAGREB <em>(CROATIA)<\/em><br>01.06.2013. &#8211; <strong>Humanitarni rock koncert<\/strong>, PRELOG <em>(CROATIA)<\/em><br>01.05.2013. &#8211; <strong>CaffeBar Pictura<\/strong>, \u010cAKOVEC <em>(CROATIA)<\/em><br>20.03.2013. &#8211; <strong>Podroom<\/strong>, \u010cAKOVEC <em>(CROATIA)<\/em><br><br>2012. <br><br>14.12.2012. &#8211; <strong>Gimnet<\/strong>, VARA\u017dDIN <em>(CROATIA)<\/em><br><br><br><\/p>\n\n\n\n<p><\/p>\n","protected":false},"excerpt":{"rendered":"<p>2025. 24.2.2025. &#8211; mo\u010dvara, Zagreb 2023. 01.09.2023. &#8211; 3FF festival, \u010cakovec (CROATIA) 2018. 24.02.2018. &#8211; \u010cEHAJ FEST, NEDELI\u0160\u0106E (CROATIA) 2017. 02.09.2017. &#8211; 3FF festival, \u010cAKOVEC (CROATIA)01.09.2017. &#8211; Letni Kino Arrigoni, IZOLA (SLOVENIA)05.08.2017. &#8211; Rastok Fest, JELAH (BOSNIA &amp; HERZEGOVINA)21.07.2017. &#8211; Miners, Mursko Sredi\u0161\u0107e (CROATIA)01.07.2017. &#8211; RockLive Warmup, KOPRIVNICA (CROATIA)20.06.2017. &#8211; INmusic festival, ZAGREB (CROATIA)09.06.2017. &#8211; [&hellip;]<\/p>\n","protected":false},"author":1,"featured_media":0,"parent":21,"menu_order":0,"comment_status":"closed","ping_status":"closed","template":"","meta":{"footnotes":""},"class_list":["post-138","page","type-page","status-publish","hentry"],"_links":{"self":[{"href":"https:\/\/mediastres.com.hr\/ms\/wp-json\/wp\/v2\/pages\/138","targetHints":{"allow":["GET"]}}],"collection":[{"href":"https:\/\/mediastres.com.hr\/ms\/wp-json\/wp\/v2\/pages"}],"about":[{"href":"https:\/\/mediastres.com.hr\/ms\/wp-json\/wp\/v2\/types\/page"}],"author":[{"embeddable":true,"href":"https:\/\/mediastres.com.hr\/ms\/wp-json\/wp\/v2\/users\/1"}],"replies":[{"embeddable":true,"href":"https:\/\/mediastres.com.hr\/ms\/wp-json\/wp\/v2\/comments?post=138"}],"version-history":[{"count":5,"href":"https:\/\/mediastres.com.hr\/ms\/wp-json\/wp\/v2\/pages\/138\/revisions"}],"predecessor-version":[{"id":206,"href":"https:\/\/mediastres.com.hr\/ms\/wp-json\/wp\/v2\/pages\/138\/revisions\/206"}],"up":[{"embeddable":true,"href":"https:\/\/mediastres.com.hr\/ms\/wp-json\/wp\/v2\/pages\/21"}],"wp:attachment":[{"href":"https:\/\/mediastres.com.hr\/ms\/wp-json\/wp\/v2\/media?parent=138"}],"curies":[{"name":"wp","href":"https:\/\/api.w.org\/{rel}","templated":true}]}}